{"id":165,"date":"2020-08-28T18:52:58","date_gmt":"2020-08-28T16:52:58","guid":{"rendered":"http:\/\/www.trampskemuzeum.sk\/?page_id=165"},"modified":"2026-04-15T12:27:18","modified_gmt":"2026-04-15T10:27:18","slug":"archiv-severka-2012-2019","status":"publish","type":"page","link":"http:\/\/www.trampskemuzeum.sk\/index.php\/archiv-casopisu\/archiv-severka-2012-2019\/","title":{"rendered":"Arch\u00edv Severka 2012-2019"},"content":{"rendered":"<h3><strong>Arch\u00edv Severka 2012-2019<\/strong><\/h3>\n<p><em>s\u00fabory s\u00fa umiestnen\u00e9 na google disku Trampsk\u00e9ho m\u00fazea vo form\u00e1te pdf<\/em><\/p>\n<p>2012-2019<\/p>\n<p><a href=\"https:\/\/drive.google.com\/file\/d\/1Bf4ErBTqqZi1Id6k9nPLZxCys_lM94k2\/view?usp=sharing\" target=\"_blank\" rel=\"noopener\"><img loading=\"lazy\" decoding=\"async\" class=\"alignnone wp-image-313\" src=\"http:\/\/www.trampskemuzeum.sk\/wp-content\/uploads\/2021\/01\/titulka_2012_1_.jpg\" alt=\"\" width=\"170\" height=\"240\" srcset=\"http:\/\/www.trampskemuzeum.sk\/wp-content\/uploads\/2021\/01\/titulka_2012_1_.jpg 212w, http:\/\/www.trampskemuzeum.sk\/wp-content\/uploads\/2021\/01\/titulka_2012_1_-106x150.jpg 106w, http:\/\/www.trampskemuzeum.sk\/wp-content\/uploads\/2021\/01\/titulka_2012_1_-150x212.jpg 150w\" sizes=\"auto, (max-width: 170px) 100vw, 170px\" \/><\/a> <a href=\"https:\/\/drive.google.com\/file\/d\/1RIWCKUfa-w5Tly27t2GQBb4o_9Q9n5IC\/view?usp=sharing\" target=\"_blank\" rel=\"noopener\"><img loading=\"lazy\" decoding=\"async\" class=\"alignnone wp-image-314\" src=\"http:\/\/www.trampskemuzeum.sk\/wp-content\/uploads\/2021\/01\/titulka_2012_2_.jpg\" alt=\"\" width=\"170\" height=\"240\" srcset=\"http:\/\/www.trampskemuzeum.sk\/wp-content\/uploads\/2021\/01\/titulka_2012_2_.jpg 212w, http:\/\/www.trampskemuzeum.sk\/wp-content\/uploads\/2021\/01\/titulka_2012_2_-106x150.jpg 106w, http:\/\/www.trampskemuzeum.sk\/wp-content\/uploads\/2021\/01\/titulka_2012_2_-150x212.jpg 150w\" sizes=\"auto, (max-width: 170px) 100vw, 170px\" \/><\/a> <a href=\"https:\/\/drive.google.com\/file\/d\/1i2qObqepTtWhOSfFEehAARjBnyoZLvD9\/view?usp=sharing\" target=\"_blank\" rel=\"noopener\"><img loading=\"lazy\" decoding=\"async\" class=\"alignnone wp-image-315\" src=\"http:\/\/www.trampskemuzeum.sk\/wp-content\/uploads\/2021\/01\/titulka_2012_3_.jpg\" alt=\"\" width=\"169\" height=\"240\" srcset=\"http:\/\/www.trampskemuzeum.sk\/wp-content\/uploads\/2021\/01\/titulka_2012_3_.jpg 211w, http:\/\/www.trampskemuzeum.sk\/wp-content\/uploads\/2021\/01\/titulka_2012_3_-106x150.jpg 106w, http:\/\/www.trampskemuzeum.sk\/wp-content\/uploads\/2021\/01\/titulka_2012_3_-150x213.jpg 150w\" sizes=\"auto, (max-width: 169px) 100vw, 169px\" \/><\/a> <a href=\"https:\/\/drive.google.com\/file\/d\/13oK1epOcnzlUT7MsaCxmnSnIGPDsHoKh\/view?usp=sharing\" target=\"_blank\" rel=\"noopener\"><img loading=\"lazy\" decoding=\"async\" class=\"alignnone wp-image-316\" src=\"http:\/\/www.trampskemuzeum.sk\/wp-content\/uploads\/2021\/01\/titulka_2012_4_.jpg\" alt=\"\" width=\"170\" height=\"240\" srcset=\"http:\/\/www.trampskemuzeum.sk\/wp-content\/uploads\/2021\/01\/titulka_2012_4_.jpg 212w, http:\/\/www.trampskemuzeum.sk\/wp-content\/uploads\/2021\/01\/titulka_2012_4_-106x150.jpg 106w, http:\/\/www.trampskemuzeum.sk\/wp-content\/uploads\/2021\/01\/titulka_2012_4_-150x212.jpg 150w\" sizes=\"auto, (max-width: 170px) 100vw, 170px\" \/><\/a><\/p>\n<p><a href=\"https:\/\/drive.google.com\/file\/d\/1zxJum9OOaqpaf_XC0oWVqib21trTN-I_\/view?usp=sharing\" target=\"_blank\" rel=\"noopener\"><img loading=\"lazy\" decoding=\"async\" class=\"alignnone wp-image-317\" src=\"http:\/\/www.trampskemuzeum.sk\/wp-content\/uploads\/2021\/01\/titulka_2013_1_.jpg\" alt=\"\" width=\"169\" height=\"240\" srcset=\"http:\/\/www.trampskemuzeum.sk\/wp-content\/uploads\/2021\/01\/titulka_2013_1_.jpg 211w, http:\/\/www.trampskemuzeum.sk\/wp-content\/uploads\/2021\/01\/titulka_2013_1_-106x150.jpg 106w, http:\/\/www.trampskemuzeum.sk\/wp-content\/uploads\/2021\/01\/titulka_2013_1_-150x213.jpg 150w\" sizes=\"auto, (max-width: 169px) 100vw, 169px\" \/><\/a> <a href=\"https:\/\/drive.google.com\/file\/d\/1uV1qsuwcAOu4EQl1pWYlyGc_5P6RT8tM\/view?usp=sharing\" target=\"_blank\" rel=\"noopener\"><img loading=\"lazy\" decoding=\"async\" class=\"alignnone wp-image-318\" src=\"http:\/\/www.trampskemuzeum.sk\/wp-content\/uploads\/2021\/01\/titulka_2013_2_.jpg\" alt=\"\" width=\"170\" height=\"240\" srcset=\"http:\/\/www.trampskemuzeum.sk\/wp-content\/uploads\/2021\/01\/titulka_2013_2_.jpg 212w, http:\/\/www.trampskemuzeum.sk\/wp-content\/uploads\/2021\/01\/titulka_2013_2_-106x150.jpg 106w, http:\/\/www.trampskemuzeum.sk\/wp-content\/uploads\/2021\/01\/titulka_2013_2_-150x212.jpg 150w\" sizes=\"auto, (max-width: 170px) 100vw, 170px\" \/><\/a> <a href=\"https:\/\/drive.google.com\/file\/d\/1uaS7JH9Zwc_NfRxQN8ISkMZFu_iwuGM8\/view?usp=sharing\" target=\"_blank\" rel=\"noopener\"><img loading=\"lazy\" decoding=\"async\" class=\"alignnone wp-image-319\" src=\"http:\/\/www.trampskemuzeum.sk\/wp-content\/uploads\/2021\/01\/titulka_2013_3_.jpg\" alt=\"\" width=\"168\" height=\"240\" srcset=\"http:\/\/www.trampskemuzeum.sk\/wp-content\/uploads\/2021\/01\/titulka_2013_3_.jpg 210w, http:\/\/www.trampskemuzeum.sk\/wp-content\/uploads\/2021\/01\/titulka_2013_3_-105x150.jpg 105w, http:\/\/www.trampskemuzeum.sk\/wp-content\/uploads\/2021\/01\/titulka_2013_3_-150x214.jpg 150w\" sizes=\"auto, (max-width: 168px) 100vw, 168px\" \/><\/a> <a href=\"https:\/\/drive.google.com\/file\/d\/1w5ZJOEDp94STLdtLe_-jZWe0kIBd_iGB\/view?usp=sharing\" target=\"_blank\" rel=\"noopener\"><img loading=\"lazy\" decoding=\"async\" class=\"alignnone wp-image-320\" src=\"http:\/\/www.trampskemuzeum.sk\/wp-content\/uploads\/2021\/01\/titulka_2013_4_.jpg\" alt=\"\" width=\"170\" height=\"240\" srcset=\"http:\/\/www.trampskemuzeum.sk\/wp-content\/uploads\/2021\/01\/titulka_2013_4_.jpg 212w, http:\/\/www.trampskemuzeum.sk\/wp-content\/uploads\/2021\/01\/titulka_2013_4_-106x150.jpg 106w, http:\/\/www.trampskemuzeum.sk\/wp-content\/uploads\/2021\/01\/titulka_2013_4_-150x212.jpg 150w\" sizes=\"auto, (max-width: 170px) 100vw, 170px\" \/><\/a><\/p>\n<p><a href=\"https:\/\/drive.google.com\/file\/d\/18REnKpjkX6HzmU-yo16WG42UWfnaUwP5\/view?usp=sharing\" target=\"_blank\" rel=\"noopener\"><img loading=\"lazy\" decoding=\"async\" class=\"alignnone wp-image-321\" src=\"http:\/\/www.trampskemuzeum.sk\/wp-content\/uploads\/2021\/01\/titulka_2014_1_.jpg\" alt=\"\" width=\"169\" height=\"240\" srcset=\"http:\/\/www.trampskemuzeum.sk\/wp-content\/uploads\/2021\/01\/titulka_2014_1_.jpg 211w, http:\/\/www.trampskemuzeum.sk\/wp-content\/uploads\/2021\/01\/titulka_2014_1_-106x150.jpg 106w, http:\/\/www.trampskemuzeum.sk\/wp-content\/uploads\/2021\/01\/titulka_2014_1_-150x213.jpg 150w\" sizes=\"auto, (max-width: 169px) 100vw, 169px\" \/><\/a> <a href=\"https:\/\/drive.google.com\/file\/d\/15_GQk8FyA3dRgRtAHkXOwY7wsFiTigqF\/view?usp=sharing\" target=\"_blank\" rel=\"noopener\"><img loading=\"lazy\" decoding=\"async\" class=\"alignnone wp-image-322\" src=\"http:\/\/www.trampskemuzeum.sk\/wp-content\/uploads\/2021\/01\/titulka_2014_2_.jpg\" alt=\"\" width=\"169\" height=\"240\" srcset=\"http:\/\/www.trampskemuzeum.sk\/wp-content\/uploads\/2021\/01\/titulka_2014_2_.jpg 211w, http:\/\/www.trampskemuzeum.sk\/wp-content\/uploads\/2021\/01\/titulka_2014_2_-106x150.jpg 106w, http:\/\/www.trampskemuzeum.sk\/wp-content\/uploads\/2021\/01\/titulka_2014_2_-150x213.jpg 150w\" sizes=\"auto, (max-width: 169px) 100vw, 169px\" \/><\/a> <a href=\"https:\/\/drive.google.com\/file\/d\/1kefP3u3IncSrJoG4waBBCCnJx4UVNYzy\/view?usp=sharing\" target=\"_blank\" rel=\"noopener\"><img loading=\"lazy\" decoding=\"async\" class=\"alignnone wp-image-323\" src=\"http:\/\/www.trampskemuzeum.sk\/wp-content\/uploads\/2021\/01\/titulka_2014_3_.jpg\" alt=\"\" width=\"169\" height=\"240\" srcset=\"http:\/\/www.trampskemuzeum.sk\/wp-content\/uploads\/2021\/01\/titulka_2014_3_.jpg 211w, http:\/\/www.trampskemuzeum.sk\/wp-content\/uploads\/2021\/01\/titulka_2014_3_-106x150.jpg 106w, http:\/\/www.trampskemuzeum.sk\/wp-content\/uploads\/2021\/01\/titulka_2014_3_-150x213.jpg 150w\" sizes=\"auto, (max-width: 169px) 100vw, 169px\" \/><\/a> <a href=\"https:\/\/drive.google.com\/file\/d\/1h5qjQeye4-5psShapmBvFSSuz2MPECqN\/view?usp=sharing\" target=\"_blank\" rel=\"noopener\"><img loading=\"lazy\" decoding=\"async\" class=\"alignnone wp-image-324\" src=\"http:\/\/www.trampskemuzeum.sk\/wp-content\/uploads\/2021\/01\/titulka_2014_4_.jpg\" alt=\"\" width=\"169\" height=\"240\" srcset=\"http:\/\/www.trampskemuzeum.sk\/wp-content\/uploads\/2021\/01\/titulka_2014_4_.jpg 211w, http:\/\/www.trampskemuzeum.sk\/wp-content\/uploads\/2021\/01\/titulka_2014_4_-106x150.jpg 106w, http:\/\/www.trampskemuzeum.sk\/wp-content\/uploads\/2021\/01\/titulka_2014_4_-150x213.jpg 150w\" sizes=\"auto, (max-width: 169px) 100vw, 169px\" \/><\/a><\/p>\n<p><a href=\"https:\/\/drive.google.com\/file\/d\/1M4h_3MJMx-vwJRR6eS5dyEHRv7somePa\/view?usp=sharing\" target=\"_blank\" rel=\"noopener\"><img loading=\"lazy\" decoding=\"async\" class=\"alignnone wp-image-325\" src=\"http:\/\/www.trampskemuzeum.sk\/wp-content\/uploads\/2021\/01\/titulka_2015_1_.jpg\" alt=\"\" width=\"170\" height=\"240\" srcset=\"http:\/\/www.trampskemuzeum.sk\/wp-content\/uploads\/2021\/01\/titulka_2015_1_.jpg 212w, http:\/\/www.trampskemuzeum.sk\/wp-content\/uploads\/2021\/01\/titulka_2015_1_-106x150.jpg 106w, http:\/\/www.trampskemuzeum.sk\/wp-content\/uploads\/2021\/01\/titulka_2015_1_-150x212.jpg 150w\" sizes=\"auto, (max-width: 170px) 100vw, 170px\" \/><\/a> <a href=\"https:\/\/drive.google.com\/file\/d\/1FvnFihQsSHaKcD0crisHmUIRblAIbZOO\/view?usp=sharing\" target=\"_blank\" rel=\"noopener\"><img loading=\"lazy\" decoding=\"async\" class=\"alignnone wp-image-326\" src=\"http:\/\/www.trampskemuzeum.sk\/wp-content\/uploads\/2021\/01\/titulka_2015_2_.jpg\" alt=\"\" width=\"170\" height=\"240\" srcset=\"http:\/\/www.trampskemuzeum.sk\/wp-content\/uploads\/2021\/01\/titulka_2015_2_.jpg 212w, http:\/\/www.trampskemuzeum.sk\/wp-content\/uploads\/2021\/01\/titulka_2015_2_-106x150.jpg 106w, http:\/\/www.trampskemuzeum.sk\/wp-content\/uploads\/2021\/01\/titulka_2015_2_-150x212.jpg 150w\" sizes=\"auto, (max-width: 170px) 100vw, 170px\" \/><\/a> <a href=\"https:\/\/drive.google.com\/file\/d\/1sW6oy9z5Kln0ettjYr3yS5XNGG22CcQA\/view?usp=sharing\" target=\"_blank\" rel=\"noopener\"><img loading=\"lazy\" decoding=\"async\" class=\"alignnone wp-image-327\" src=\"http:\/\/www.trampskemuzeum.sk\/wp-content\/uploads\/2021\/01\/titulka_2015_31_.jpg\" alt=\"\" width=\"170\" height=\"240\" srcset=\"http:\/\/www.trampskemuzeum.sk\/wp-content\/uploads\/2021\/01\/titulka_2015_31_.jpg 212w, http:\/\/www.trampskemuzeum.sk\/wp-content\/uploads\/2021\/01\/titulka_2015_31_-106x150.jpg 106w, http:\/\/www.trampskemuzeum.sk\/wp-content\/uploads\/2021\/01\/titulka_2015_31_-150x212.jpg 150w\" sizes=\"auto, (max-width: 170px) 100vw, 170px\" \/><\/a><\/p>\n<p><a href=\"https:\/\/drive.google.com\/file\/d\/1isyyKduI1SyCzno4Apyr_i1EcciRzIV8\/view?usp=sharing\" target=\"_blank\" rel=\"noopener noreferrer\"><img loading=\"lazy\" decoding=\"async\" class=\"alignnone wp-image-46\" src=\"http:\/\/www.trampskemuzeum.sk\/wp-content\/uploads\/2020\/05\/titulka_2016_1_.jpg\" alt=\"\" width=\"169\" height=\"240\" srcset=\"http:\/\/www.trampskemuzeum.sk\/wp-content\/uploads\/2020\/05\/titulka_2016_1_.jpg 211w, http:\/\/www.trampskemuzeum.sk\/wp-content\/uploads\/2020\/05\/titulka_2016_1_-106x150.jpg 106w, http:\/\/www.trampskemuzeum.sk\/wp-content\/uploads\/2020\/05\/titulka_2016_1_-150x213.jpg 150w\" sizes=\"auto, (max-width: 169px) 100vw, 169px\" \/><\/a> <a href=\"https:\/\/drive.google.com\/open?id=1glKWaRGk1OuKt92kBHReRgefJ02fm6aC\" target=\"_blank\" rel=\"noopener noreferrer\"><img loading=\"lazy\" decoding=\"async\" class=\"alignnone wp-image-47\" src=\"http:\/\/www.trampskemuzeum.sk\/wp-content\/uploads\/2020\/05\/titulka_2016_2_.jpg\" alt=\"\" width=\"169\" height=\"240\" srcset=\"http:\/\/www.trampskemuzeum.sk\/wp-content\/uploads\/2020\/05\/titulka_2016_2_.jpg 211w, http:\/\/www.trampskemuzeum.sk\/wp-content\/uploads\/2020\/05\/titulka_2016_2_-106x150.jpg 106w, http:\/\/www.trampskemuzeum.sk\/wp-content\/uploads\/2020\/05\/titulka_2016_2_-150x213.jpg 150w\" sizes=\"auto, (max-width: 169px) 100vw, 169px\" \/><\/a> <a href=\"https:\/\/drive.google.com\/open?id=1k86olQYBYWzJw1vOagu1OFJaIG_KJYzx\" target=\"_blank\" rel=\"noopener noreferrer\"><img loading=\"lazy\" decoding=\"async\" class=\"alignnone wp-image-48\" src=\"http:\/\/www.trampskemuzeum.sk\/wp-content\/uploads\/2020\/05\/titulka_2016_3_.jpg\" alt=\"\" width=\"170\" height=\"240\" srcset=\"http:\/\/www.trampskemuzeum.sk\/wp-content\/uploads\/2020\/05\/titulka_2016_3_.jpg 212w, http:\/\/www.trampskemuzeum.sk\/wp-content\/uploads\/2020\/05\/titulka_2016_3_-106x150.jpg 106w, http:\/\/www.trampskemuzeum.sk\/wp-content\/uploads\/2020\/05\/titulka_2016_3_-150x212.jpg 150w\" sizes=\"auto, (max-width: 170px) 100vw, 170px\" \/><\/a> <a href=\"https:\/\/drive.google.com\/open?id=1lMfoPbND0tIoajjwGJy8oZqXV36CwDqv\" target=\"_blank\" rel=\"noopener noreferrer\"><img loading=\"lazy\" decoding=\"async\" class=\"alignnone wp-image-49\" src=\"http:\/\/www.trampskemuzeum.sk\/wp-content\/uploads\/2020\/05\/titulka_2016_4_.jpg\" alt=\"\" width=\"170\" height=\"240\" srcset=\"http:\/\/www.trampskemuzeum.sk\/wp-content\/uploads\/2020\/05\/titulka_2016_4_.jpg 212w, http:\/\/www.trampskemuzeum.sk\/wp-content\/uploads\/2020\/05\/titulka_2016_4_-106x150.jpg 106w, http:\/\/www.trampskemuzeum.sk\/wp-content\/uploads\/2020\/05\/titulka_2016_4_-150x212.jpg 150w\" sizes=\"auto, (max-width: 170px) 100vw, 170px\" \/><\/a><\/p>\n<p><a href=\"https:\/\/drive.google.com\/open?id=1lqVaWWNNk9AEZd8tw6hhAUJOd4-RwRRg\" target=\"_blank\" rel=\"noopener noreferrer\"><img loading=\"lazy\" decoding=\"async\" class=\"alignnone wp-image-50\" src=\"http:\/\/www.trampskemuzeum.sk\/wp-content\/uploads\/2020\/05\/titulka_2017_1_.jpg\" alt=\"\" width=\"169\" height=\"240\" srcset=\"http:\/\/www.trampskemuzeum.sk\/wp-content\/uploads\/2020\/05\/titulka_2017_1_.jpg 211w, http:\/\/www.trampskemuzeum.sk\/wp-content\/uploads\/2020\/05\/titulka_2017_1_-106x150.jpg 106w, http:\/\/www.trampskemuzeum.sk\/wp-content\/uploads\/2020\/05\/titulka_2017_1_-150x213.jpg 150w\" sizes=\"auto, (max-width: 169px) 100vw, 169px\" \/><\/a> <a href=\"https:\/\/drive.google.com\/open?id=1Pcr1FOQioB51YtLGS4TK-pF3RtjMS5Vw\" target=\"_blank\" rel=\"noopener noreferrer\"><img loading=\"lazy\" decoding=\"async\" class=\"alignnone wp-image-51\" src=\"http:\/\/www.trampskemuzeum.sk\/wp-content\/uploads\/2020\/05\/titulka_2017_2_.jpg\" alt=\"\" width=\"168\" height=\"240\" srcset=\"http:\/\/www.trampskemuzeum.sk\/wp-content\/uploads\/2020\/05\/titulka_2017_2_.jpg 210w, http:\/\/www.trampskemuzeum.sk\/wp-content\/uploads\/2020\/05\/titulka_2017_2_-105x150.jpg 105w, http:\/\/www.trampskemuzeum.sk\/wp-content\/uploads\/2020\/05\/titulka_2017_2_-150x214.jpg 150w\" sizes=\"auto, (max-width: 168px) 100vw, 168px\" \/><\/a> <a href=\"https:\/\/drive.google.com\/open?id=1j9dDMVJ91B1u6CnNJFgP_kGJcLaXVmqv\" target=\"_blank\" rel=\"noopener noreferrer\"><img loading=\"lazy\" decoding=\"async\" class=\"alignnone wp-image-52\" src=\"http:\/\/www.trampskemuzeum.sk\/wp-content\/uploads\/2020\/05\/titulka_2017_3_.jpg\" alt=\"\" width=\"168\" height=\"240\" srcset=\"http:\/\/www.trampskemuzeum.sk\/wp-content\/uploads\/2020\/05\/titulka_2017_3_.jpg 210w, http:\/\/www.trampskemuzeum.sk\/wp-content\/uploads\/2020\/05\/titulka_2017_3_-105x150.jpg 105w, http:\/\/www.trampskemuzeum.sk\/wp-content\/uploads\/2020\/05\/titulka_2017_3_-150x214.jpg 150w\" sizes=\"auto, (max-width: 168px) 100vw, 168px\" \/><\/a> <a href=\"https:\/\/drive.google.com\/open?id=1C1qCMih1tBqF2imKrYGAZ_WO0QXoFAgi\" target=\"_blank\" rel=\"noopener noreferrer\"><img loading=\"lazy\" decoding=\"async\" class=\"alignnone wp-image-53\" src=\"http:\/\/www.trampskemuzeum.sk\/wp-content\/uploads\/2020\/05\/titulka_2017_4_.jpg\" alt=\"\" width=\"169\" height=\"240\" srcset=\"http:\/\/www.trampskemuzeum.sk\/wp-content\/uploads\/2020\/05\/titulka_2017_4_.jpg 211w, http:\/\/www.trampskemuzeum.sk\/wp-content\/uploads\/2020\/05\/titulka_2017_4_-106x150.jpg 106w, http:\/\/www.trampskemuzeum.sk\/wp-content\/uploads\/2020\/05\/titulka_2017_4_-150x213.jpg 150w\" sizes=\"auto, (max-width: 169px) 100vw, 169px\" \/><\/a><\/p>\n<p><a href=\"https:\/\/drive.google.com\/open?id=1zImzXNHpdvmfno0ivE-DsJvZCRkulL5F\" target=\"_blank\" rel=\"noopener noreferrer\"><img loading=\"lazy\" decoding=\"async\" class=\"alignnone wp-image-54\" src=\"http:\/\/www.trampskemuzeum.sk\/wp-content\/uploads\/2020\/05\/titulka_2018_1_.jpg\" alt=\"\" width=\"170\" height=\"240\" srcset=\"http:\/\/www.trampskemuzeum.sk\/wp-content\/uploads\/2020\/05\/titulka_2018_1_.jpg 213w, http:\/\/www.trampskemuzeum.sk\/wp-content\/uploads\/2020\/05\/titulka_2018_1_-107x150.jpg 107w, http:\/\/www.trampskemuzeum.sk\/wp-content\/uploads\/2020\/05\/titulka_2018_1_-150x211.jpg 150w\" sizes=\"auto, (max-width: 170px) 100vw, 170px\" \/><\/a> <a href=\"https:\/\/drive.google.com\/open?id=177_XxBg9znKQeOD_eQ-Gxw_Iqi5CrzD4\" target=\"_blank\" rel=\"noopener noreferrer\"><img loading=\"lazy\" decoding=\"async\" class=\"alignnone wp-image-55\" src=\"http:\/\/www.trampskemuzeum.sk\/wp-content\/uploads\/2020\/05\/titulka_2018_2_.jpg\" alt=\"\" width=\"169\" height=\"240\" srcset=\"http:\/\/www.trampskemuzeum.sk\/wp-content\/uploads\/2020\/05\/titulka_2018_2_.jpg 211w, http:\/\/www.trampskemuzeum.sk\/wp-content\/uploads\/2020\/05\/titulka_2018_2_-106x150.jpg 106w, http:\/\/www.trampskemuzeum.sk\/wp-content\/uploads\/2020\/05\/titulka_2018_2_-150x213.jpg 150w\" sizes=\"auto, (max-width: 169px) 100vw, 169px\" \/><\/a> <a href=\"https:\/\/drive.google.com\/open?id=1Yo9EOxJu8SuSOCjJmPL0-u3KRcjnwtg3\" target=\"_blank\" rel=\"noopener noreferrer\"><img loading=\"lazy\" decoding=\"async\" class=\"alignnone wp-image-56\" src=\"http:\/\/www.trampskemuzeum.sk\/wp-content\/uploads\/2020\/05\/titulka_2018_3_.jpg\" alt=\"\" width=\"170\" height=\"240\" srcset=\"http:\/\/www.trampskemuzeum.sk\/wp-content\/uploads\/2020\/05\/titulka_2018_3_.jpg 212w, http:\/\/www.trampskemuzeum.sk\/wp-content\/uploads\/2020\/05\/titulka_2018_3_-106x150.jpg 106w, http:\/\/www.trampskemuzeum.sk\/wp-content\/uploads\/2020\/05\/titulka_2018_3_-150x212.jpg 150w\" sizes=\"auto, (max-width: 170px) 100vw, 170px\" \/><\/a> <a href=\"https:\/\/drive.google.com\/open?id=10xIF1ye-Jp-CHyMAr90A9WotfywKjZz2\" target=\"_blank\" rel=\"noopener noreferrer\"><img loading=\"lazy\" decoding=\"async\" class=\"alignnone wp-image-57\" src=\"http:\/\/www.trampskemuzeum.sk\/wp-content\/uploads\/2020\/05\/titulka_2018_4_.jpg\" alt=\"\" width=\"169\" height=\"240\" srcset=\"http:\/\/www.trampskemuzeum.sk\/wp-content\/uploads\/2020\/05\/titulka_2018_4_.jpg 211w, http:\/\/www.trampskemuzeum.sk\/wp-content\/uploads\/2020\/05\/titulka_2018_4_-106x150.jpg 106w, http:\/\/www.trampskemuzeum.sk\/wp-content\/uploads\/2020\/05\/titulka_2018_4_-150x213.jpg 150w\" sizes=\"auto, (max-width: 169px) 100vw, 169px\" \/><\/a><\/p>\n<p><a href=\"https:\/\/drive.google.com\/open?id=1x7NJ256zfX33XCXZ-xE9oVz_3KdXfdop\" target=\"_blank\" rel=\"noopener noreferrer\"><img loading=\"lazy\" decoding=\"async\" class=\"alignnone wp-image-58\" src=\"http:\/\/www.trampskemuzeum.sk\/wp-content\/uploads\/2020\/05\/titulka_2019_1_.jpg\" alt=\"\" width=\"170\" height=\"240\" srcset=\"http:\/\/www.trampskemuzeum.sk\/wp-content\/uploads\/2020\/05\/titulka_2019_1_.jpg 212w, http:\/\/www.trampskemuzeum.sk\/wp-content\/uploads\/2020\/05\/titulka_2019_1_-106x150.jpg 106w, http:\/\/www.trampskemuzeum.sk\/wp-content\/uploads\/2020\/05\/titulka_2019_1_-150x212.jpg 150w\" sizes=\"auto, (max-width: 170px) 100vw, 170px\" \/><\/a> <a href=\"https:\/\/drive.google.com\/open?id=1rd1vhwcQJyh6--yOgPEpxwHo7YcALBjt\" target=\"_blank\" rel=\"noopener noreferrer\"><img loading=\"lazy\" decoding=\"async\" class=\"alignnone wp-image-59\" src=\"http:\/\/www.trampskemuzeum.sk\/wp-content\/uploads\/2020\/05\/titulka_2019_2_.jpg\" alt=\"\" width=\"168\" height=\"240\" srcset=\"http:\/\/www.trampskemuzeum.sk\/wp-content\/uploads\/2020\/05\/titulka_2019_2_.jpg 210w, http:\/\/www.trampskemuzeum.sk\/wp-content\/uploads\/2020\/05\/titulka_2019_2_-105x150.jpg 105w, http:\/\/www.trampskemuzeum.sk\/wp-content\/uploads\/2020\/05\/titulka_2019_2_-150x214.jpg 150w\" sizes=\"auto, (max-width: 168px) 100vw, 168px\" \/><\/a> <a href=\"https:\/\/drive.google.com\/open?id=1kLTXjRQcx3LF988rRaBkepI4hGYh-baz\" target=\"_blank\" rel=\"noopener noreferrer\"><img loading=\"lazy\" decoding=\"async\" class=\"alignnone wp-image-60\" src=\"http:\/\/www.trampskemuzeum.sk\/wp-content\/uploads\/2020\/05\/titulka_2019_3_.jpg\" alt=\"\" width=\"170\" height=\"240\" srcset=\"http:\/\/www.trampskemuzeum.sk\/wp-content\/uploads\/2020\/05\/titulka_2019_3_.jpg 213w, http:\/\/www.trampskemuzeum.sk\/wp-content\/uploads\/2020\/05\/titulka_2019_3_-107x150.jpg 107w, http:\/\/www.trampskemuzeum.sk\/wp-content\/uploads\/2020\/05\/titulka_2019_3_-150x211.jpg 150w\" sizes=\"auto, (max-width: 170px) 100vw, 170px\" \/><\/a> <a href=\"https:\/\/drive.google.com\/open?id=1nLfXAWjuBf6c_KGSBEE_bezwHCty4YPT\" target=\"_blank\" rel=\"noopener noreferrer\"><img loading=\"lazy\" decoding=\"async\" class=\"alignnone wp-image-61\" src=\"http:\/\/www.trampskemuzeum.sk\/wp-content\/uploads\/2020\/05\/titulka_2019_4_.jpg\" alt=\"\" width=\"170\" height=\"240\" srcset=\"http:\/\/www.trampskemuzeum.sk\/wp-content\/uploads\/2020\/05\/titulka_2019_4_.jpg 212w, http:\/\/www.trampskemuzeum.sk\/wp-content\/uploads\/2020\/05\/titulka_2019_4_-106x150.jpg 106w, http:\/\/www.trampskemuzeum.sk\/wp-content\/uploads\/2020\/05\/titulka_2019_4_-150x212.jpg 150w\" sizes=\"auto, (max-width: 170px) 100vw, 170px\" \/><\/a><\/p>\n<p><strong><a href=\"http:\/\/www.trampskemuzeum.sk\/index.php\/archiv-casopisu\/archiv-severka-1989-1998\/\">1989 \u2013 1998<\/a><\/strong><\/p>\n<p><a href=\"http:\/\/www.trampskemuzeum.sk\/index.php\/archiv-casopisu\/archiv-severka-1999-2011\/\"><strong>1999 \u2013 2011<\/strong><\/a><\/p>\n<p><a href=\"http:\/\/www.trampskemuzeum.sk\/index.php\/archiv-casopisu\/archiv-severka-2020-2025\/\" target=\"_blank\" rel=\"noopener\"><strong>2020 <\/strong><strong>\u2013 2025<\/strong><\/a><\/p>\n","protected":false},"excerpt":{"rendered":"<p>Arch\u00edv Severka 2012-2019 s\u00fabory s\u00fa umiestnen\u00e9 na google disku Trampsk\u00e9ho m\u00fazea vo form\u00e1te pdf 2012-2019 1989 \u2013 1998 1999 \u2013 2011 2020 \u2013 2025<\/p>\n<p> <a class=\"continue-reading-link\" href=\"http:\/\/www.trampskemuzeum.sk\/index.php\/archiv-casopisu\/archiv-severka-2012-2019\/\"><span>Pokra\u010dovanie \u010dl\u00e1nku<\/span><i class=\"crycon-right-dir\"><\/i><\/a> <\/p>\n","protected":false},"author":1,"featured_media":0,"parent":26,"menu_order":0,"comment_status":"closed","ping_status":"closed","template":"","meta":{"footnotes":""},"class_list":["post-165","page","type-page","status-publish","hentry"],"_links":{"self":[{"href":"http:\/\/www.trampskemuzeum.sk\/index.php\/wp-json\/wp\/v2\/pages\/165","targetHints":{"allow":["GET"]}}],"collection":[{"href":"http:\/\/www.trampskemuzeum.sk\/index.php\/wp-json\/wp\/v2\/pages"}],"about":[{"href":"http:\/\/www.trampskemuzeum.sk\/index.php\/wp-json\/wp\/v2\/types\/page"}],"author":[{"embeddable":true,"href":"http:\/\/www.trampskemuzeum.sk\/index.php\/wp-json\/wp\/v2\/users\/1"}],"replies":[{"embeddable":true,"href":"http:\/\/www.trampskemuzeum.sk\/index.php\/wp-json\/wp\/v2\/comments?post=165"}],"version-history":[{"count":15,"href":"http:\/\/www.trampskemuzeum.sk\/index.php\/wp-json\/wp\/v2\/pages\/165\/revisions"}],"predecessor-version":[{"id":1355,"href":"http:\/\/www.trampskemuzeum.sk\/index.php\/wp-json\/wp\/v2\/pages\/165\/revisions\/1355"}],"up":[{"embeddable":true,"href":"http:\/\/www.trampskemuzeum.sk\/index.php\/wp-json\/wp\/v2\/pages\/26"}],"wp:attachment":[{"href":"http:\/\/www.trampskemuzeum.sk\/index.php\/wp-json\/wp\/v2\/media?parent=165"}],"curies":[{"name":"wp","href":"https:\/\/api.w.org\/{rel}","templated":true}]}}