{"id":1314,"date":"2026-02-01T16:22:43","date_gmt":"2026-02-01T15:22:43","guid":{"rendered":"https:\/\/www.trampskemuzeum.sk\/?page_id=1314"},"modified":"2026-02-01T16:22:43","modified_gmt":"2026-02-01T15:22:43","slug":"zbierky","status":"publish","type":"page","link":"https:\/\/www.trampskemuzeum.sk\/index.php\/zbierky\/","title":{"rendered":"Zbierky"},"content":{"rendered":"<p><em>(t\u00e1to sekcia je vo v\u00fdstavbe)<\/em><\/p>\n<p>Zmyslom zbierok trampsk\u00e9ho m\u00fazea je ich zhroma\u017e\u010fovanie, dokument\u00e1cia, spracovanie a prezent\u00e1cia v historick\u00fdch s\u00favislostiach.<br \/>\nZbierky Trampsk\u00e9ho zdru\u017eenia Severka poch\u00e1dzaj\u00fa z vlastn\u00fdch predmetov \u010dlenov, z pozostalost\u00ed zosnul\u00fdch kamar\u00e1tov (Br\u010dko, Dal\u00edk, \u0160perh\u00e1k, Pekeln\u00edk, Plame\u0148,&#8230;) ale aj darov kamar\u00e1tov e\u0161te \u017eij\u00facich (Timo, Old Sheriff, &#8230;) pr\u00edpadne aj n\u00e1kupov v trampsk\u00fdch skupin\u00e1ch, baz\u00e1roch, \u010di na aukci\u00e1ch.<br \/>\nPre depozit je potrebn\u00e9 zabezpe\u010di\u0165 priestory s vhodn\u00fdmi podmienkami (teplota, vlhkos\u0165) tak, aby nepodliehali po\u0161kodeniu.<br \/>\nPrezent\u00e1cia, teda vystavenie v expoz\u00edcii potrebuje vhodn\u00e9 priestory, kvalitn\u00fd scen\u00e1r a udr\u017eate\u013en\u00fa prev\u00e1dzku. Doplnkovou alternat\u00edvou je prezent\u00e1cia zbierok v digit\u00e1lnej podobe.<\/p>\n<p>Ako uk\u00e1\u017eku pon\u00fakame virtu\u00e1lny koncept zbierky trampsk\u00fdch odznakov, ktor\u00e9 sa fyzicky nach\u00e1dzaj\u00fa v zbierkach TZ Severka.<\/p>\n<p><a href=\"https:\/\/eu.zonerama.com\/TrampskeMuzeum\/Album\/9436452?secret=MK08I07Pc5QiMSaxBdy0DkGpP\" target=\"_blank\" rel=\"noopener\">Trampsk\u00e9 odznaky 1<\/a><br \/>\n<a href=\"https:\/\/eu.zonerama.com\/TrampskeMuzeum\/Album\/9436452?secret=MK08I07Pc5QiMSaxBdy0DkGpP\"><img loading=\"lazy\" decoding=\"async\" class=\"alignnone size-full wp-image-1315\" src=\"http:\/\/www.trampskemuzeum.sk\/wp-content\/uploads\/2026\/02\/odznaky_01.jpg\" alt=\"\" width=\"341\" height=\"266\" srcset=\"https:\/\/www.trampskemuzeum.sk\/wp-content\/uploads\/2026\/02\/odznaky_01.jpg 341w, https:\/\/www.trampskemuzeum.sk\/wp-content\/uploads\/2026\/02\/odznaky_01-300x234.jpg 300w, https:\/\/www.trampskemuzeum.sk\/wp-content\/uploads\/2026\/02\/odznaky_01-150x117.jpg 150w\" sizes=\"auto, (max-width: 341px) 100vw, 341px\" \/><\/a><\/p>\n","protected":false},"excerpt":{"rendered":"<p>(t\u00e1to sekcia je vo v\u00fdstavbe) Zmyslom zbierok trampsk\u00e9ho m\u00fazea je ich zhroma\u017e\u010fovanie, dokument\u00e1cia, spracovanie a prezent\u00e1cia v historick\u00fdch s\u00favislostiach. Zbierky Trampsk\u00e9ho zdru\u017eenia Severka poch\u00e1dzaj\u00fa z vlastn\u00fdch predmetov \u010dlenov, z pozostalost\u00ed zosnul\u00fdch kamar\u00e1tov (Br\u010dko, Dal\u00edk, \u0160perh\u00e1k, Pekeln\u00edk, Plame\u0148,&#8230;) ale aj darov kamar\u00e1tov e\u0161te \u017eij\u00facich (Timo, Old Sheriff, &#8230;) pr\u00edpadne aj n\u00e1kupov&#8230;<\/p>\n<p> <a class=\"continue-reading-link\" href=\"https:\/\/www.trampskemuzeum.sk\/index.php\/zbierky\/\"><span>Pokra\u010dovanie \u010dl\u00e1nku<\/span><i class=\"crycon-right-dir\"><\/i><\/a> <\/p>\n","protected":false},"author":1,"featured_media":23,"parent":0,"menu_order":0,"comment_status":"closed","ping_status":"closed","template":"","meta":{"footnotes":""},"class_list":["post-1314","page","type-page","status-publish","has-post-thumbnail","hentry"],"_links":{"self":[{"href":"https:\/\/www.trampskemuzeum.sk\/index.php\/wp-json\/wp\/v2\/pages\/1314","targetHints":{"allow":["GET"]}}],"collection":[{"href":"https:\/\/www.trampskemuzeum.sk\/index.php\/wp-json\/wp\/v2\/pages"}],"about":[{"href":"https:\/\/www.trampskemuzeum.sk\/index.php\/wp-json\/wp\/v2\/types\/page"}],"author":[{"embeddable":true,"href":"https:\/\/www.trampskemuzeum.sk\/index.php\/wp-json\/wp\/v2\/users\/1"}],"replies":[{"embeddable":true,"href":"https:\/\/www.trampskemuzeum.sk\/index.php\/wp-json\/wp\/v2\/comments?post=1314"}],"version-history":[{"count":1,"href":"https:\/\/www.trampskemuzeum.sk\/index.php\/wp-json\/wp\/v2\/pages\/1314\/revisions"}],"predecessor-version":[{"id":1316,"href":"https:\/\/www.trampskemuzeum.sk\/index.php\/wp-json\/wp\/v2\/pages\/1314\/revisions\/1316"}],"wp:featuredmedia":[{"embeddable":true,"href":"https:\/\/www.trampskemuzeum.sk\/index.php\/wp-json\/wp\/v2\/media\/23"}],"wp:attachment":[{"href":"https:\/\/www.trampskemuzeum.sk\/index.php\/wp-json\/wp\/v2\/media?parent=1314"}],"curies":[{"name":"wp","href":"https:\/\/api.w.org\/{rel}","templated":true}]}}