{"id":2,"date":"2019-11-28T21:31:15","date_gmt":"2019-11-28T20:31:15","guid":{"rendered":"http:\/\/www.trampskemuzeum.sk\/?page_id=2"},"modified":"2026-02-01T15:39:47","modified_gmt":"2026-02-01T14:39:47","slug":"trampske-muzeum-zaciatky","status":"publish","type":"page","link":"https:\/\/www.trampskemuzeum.sk\/index.php\/trampske-muzeum-zaciatky\/","title":{"rendered":"Trampsk\u00e9 m\u00fazeum &#8211; za\u010diatky"},"content":{"rendered":"<p><strong>Ako bolo na po\u010diatku<\/strong><\/p>\r\n<p><strong>TZ Severka si u\u017e pred p\u00e1r rokmi vyt\u00fd\u010dilo ako jeden z cie\u013eov svojej \u010dinnosti zriadenie a prev\u00e1dzku trampsk\u00e9ho m\u00fazea. U\u017e na p\u00f4vodnom webe Severky sa mohla verejnos\u0165 dozvedie\u0165 o nieko\u013ek\u00fdch aktivit\u00e1ch, ktor\u00e9 vy\u00fastili do \u00faspe\u0161nej v\u00fdstavy <a href=\"http:\/\/www.severka.nfo.sk\/old\/zdruzenie\/c_vystava.htm\" target=\"_blank\" rel=\"noopener noreferrer\">&#8222;Svet trampingu&#8220;<\/a> v SNM v Martine.<\/strong><\/p>\r\n<p>My\u0161lienku m\u00fazea trampingu na Slovensku o\u017eivil v novom tis\u00edcro\u010d\u00ed kamar\u00e1t Frico z Kalnej nad Hronom. Ke\u010f\u017ee v \u010cech\u00e1ch tie\u017e prebieha podobn\u00e1 iniciat\u00edva pod veden\u00edm Sama (PHA) a Prcka (Ti\u0161nov), uskuto\u010dnilo sa v novembri 2003 prv\u00e9 organiza\u010dn\u00e9 stretnutie na Hodru\u0161i.<\/p>\r\n<p style=\"text-align: center;\"><img loading=\"lazy\" decoding=\"async\" class=\"alignnone size-full wp-image-195\" src=\"http:\/\/www.trampskemuzeum.sk\/wp-content\/uploads\/2020\/10\/05muzeum.jpg\" alt=\"\" width=\"320\" height=\"217\" srcset=\"https:\/\/www.trampskemuzeum.sk\/wp-content\/uploads\/2020\/10\/05muzeum.jpg 320w, https:\/\/www.trampskemuzeum.sk\/wp-content\/uploads\/2020\/10\/05muzeum-300x203.jpg 300w, https:\/\/www.trampskemuzeum.sk\/wp-content\/uploads\/2020\/10\/05muzeum-150x102.jpg 150w\" sizes=\"auto, (max-width: 320px) 100vw, 320px\" \/> <img loading=\"lazy\" decoding=\"async\" class=\"alignnone size-full wp-image-194\" src=\"http:\/\/www.trampskemuzeum.sk\/wp-content\/uploads\/2020\/10\/04muzeum.jpg\" alt=\"\" width=\"320\" height=\"219\" srcset=\"https:\/\/www.trampskemuzeum.sk\/wp-content\/uploads\/2020\/10\/04muzeum.jpg 320w, https:\/\/www.trampskemuzeum.sk\/wp-content\/uploads\/2020\/10\/04muzeum-300x205.jpg 300w, https:\/\/www.trampskemuzeum.sk\/wp-content\/uploads\/2020\/10\/04muzeum-150x103.jpg 150w\" sizes=\"auto, (max-width: 320px) 100vw, 320px\" \/><\/p>\r\n<p style=\"text-align: center;\"><img loading=\"lazy\" decoding=\"async\" class=\"alignnone size-full wp-image-192\" src=\"http:\/\/www.trampskemuzeum.sk\/wp-content\/uploads\/2020\/10\/02muzeum.jpg\" alt=\"\" width=\"320\" height=\"219\" srcset=\"https:\/\/www.trampskemuzeum.sk\/wp-content\/uploads\/2020\/10\/02muzeum.jpg 320w, https:\/\/www.trampskemuzeum.sk\/wp-content\/uploads\/2020\/10\/02muzeum-300x205.jpg 300w, https:\/\/www.trampskemuzeum.sk\/wp-content\/uploads\/2020\/10\/02muzeum-150x103.jpg 150w\" sizes=\"auto, (max-width: 320px) 100vw, 320px\" \/> <img loading=\"lazy\" decoding=\"async\" class=\"alignnone size-full wp-image-193\" src=\"http:\/\/www.trampskemuzeum.sk\/wp-content\/uploads\/2020\/10\/03muzeum.jpg\" alt=\"\" width=\"320\" height=\"218\" srcset=\"https:\/\/www.trampskemuzeum.sk\/wp-content\/uploads\/2020\/10\/03muzeum.jpg 320w, https:\/\/www.trampskemuzeum.sk\/wp-content\/uploads\/2020\/10\/03muzeum-300x204.jpg 300w, https:\/\/www.trampskemuzeum.sk\/wp-content\/uploads\/2020\/10\/03muzeum-150x102.jpg 150w\" sizes=\"auto, (max-width: 320px) 100vw, 320px\" \/><\/p>\r\n<p>Z\u00fa\u010dastnili sa za \u010desk\u00fa stranu Sam, Prcek s partnerkou a Zuzana, za slovensk\u00fa dom\u00e1ci Frico, D&#8217;Ady za Severku, Puky ako mo\u017en\u00fd spolupracovn\u00edk v oblasti hudobnej kult\u00fary a Tik z Ko\u0161\u00edc za v\u00fdchodoslovensk\u00fd regi\u00f3n.<\/p>\r\n<p style=\"text-align: center;\"><img loading=\"lazy\" decoding=\"async\" class=\"alignnone size-full wp-image-199\" src=\"http:\/\/www.trampskemuzeum.sk\/wp-content\/uploads\/2020\/10\/09muzeum.jpg\" alt=\"\" width=\"320\" height=\"240\" srcset=\"https:\/\/www.trampskemuzeum.sk\/wp-content\/uploads\/2020\/10\/09muzeum.jpg 320w, https:\/\/www.trampskemuzeum.sk\/wp-content\/uploads\/2020\/10\/09muzeum-300x225.jpg 300w, https:\/\/www.trampskemuzeum.sk\/wp-content\/uploads\/2020\/10\/09muzeum-150x113.jpg 150w\" sizes=\"auto, (max-width: 320px) 100vw, 320px\" \/> <img loading=\"lazy\" decoding=\"async\" class=\"alignnone size-full wp-image-196\" src=\"http:\/\/www.trampskemuzeum.sk\/wp-content\/uploads\/2020\/10\/06muzeum.jpg\" alt=\"\" width=\"320\" height=\"240\" srcset=\"https:\/\/www.trampskemuzeum.sk\/wp-content\/uploads\/2020\/10\/06muzeum.jpg 320w, https:\/\/www.trampskemuzeum.sk\/wp-content\/uploads\/2020\/10\/06muzeum-300x225.jpg 300w, https:\/\/www.trampskemuzeum.sk\/wp-content\/uploads\/2020\/10\/06muzeum-150x113.jpg 150w\" sizes=\"auto, (max-width: 320px) 100vw, 320px\" \/><\/p>\r\n<p style=\"text-align: center;\"><img loading=\"lazy\" decoding=\"async\" class=\"alignnone size-full wp-image-198\" src=\"http:\/\/www.trampskemuzeum.sk\/wp-content\/uploads\/2020\/10\/08muzeum.jpg\" alt=\"\" width=\"320\" height=\"240\" srcset=\"https:\/\/www.trampskemuzeum.sk\/wp-content\/uploads\/2020\/10\/08muzeum.jpg 320w, https:\/\/www.trampskemuzeum.sk\/wp-content\/uploads\/2020\/10\/08muzeum-300x225.jpg 300w, https:\/\/www.trampskemuzeum.sk\/wp-content\/uploads\/2020\/10\/08muzeum-150x113.jpg 150w\" sizes=\"auto, (max-width: 320px) 100vw, 320px\" \/> <img loading=\"lazy\" decoding=\"async\" class=\"alignnone size-full wp-image-197\" src=\"http:\/\/www.trampskemuzeum.sk\/wp-content\/uploads\/2020\/10\/07muzeum.jpg\" alt=\"\" width=\"320\" height=\"240\" srcset=\"https:\/\/www.trampskemuzeum.sk\/wp-content\/uploads\/2020\/10\/07muzeum.jpg 320w, https:\/\/www.trampskemuzeum.sk\/wp-content\/uploads\/2020\/10\/07muzeum-300x225.jpg 300w, https:\/\/www.trampskemuzeum.sk\/wp-content\/uploads\/2020\/10\/07muzeum-150x113.jpg 150w\" sizes=\"auto, (max-width: 320px) 100vw, 320px\" \/><\/p>\r\n<p>\u00da\u010dastn\u00edci si vymenili n\u00e1zory a poh\u013eady na mo\u017en\u00fd v\u00fdvoj a smerovanie m\u00fazea a dohodli sa tie\u017e na nieko\u013ek\u00fdch bodoch spolo\u010dn\u00e9ho postupu. Kamar\u00e1ti z \u010ciech spolu s Tikom si spravili v sobotu mal\u00fd v\u00fdjazd do okolia.<\/p>\r\n<p style=\"text-align: center;\"><img loading=\"lazy\" decoding=\"async\" class=\"alignnone size-full wp-image-191\" src=\"http:\/\/www.trampskemuzeum.sk\/wp-content\/uploads\/2020\/10\/01muzeum.jpg\" alt=\"\" width=\"320\" height=\"220\" srcset=\"https:\/\/www.trampskemuzeum.sk\/wp-content\/uploads\/2020\/10\/01muzeum.jpg 320w, https:\/\/www.trampskemuzeum.sk\/wp-content\/uploads\/2020\/10\/01muzeum-300x206.jpg 300w, https:\/\/www.trampskemuzeum.sk\/wp-content\/uploads\/2020\/10\/01muzeum-150x103.jpg 150w\" sizes=\"auto, (max-width: 320px) 100vw, 320px\" \/> <img loading=\"lazy\" decoding=\"async\" class=\"alignnone size-full wp-image-190\" src=\"http:\/\/www.trampskemuzeum.sk\/wp-content\/uploads\/2020\/10\/00muzeum.jpg\" alt=\"\" width=\"320\" height=\"220\" srcset=\"https:\/\/www.trampskemuzeum.sk\/wp-content\/uploads\/2020\/10\/00muzeum.jpg 320w, https:\/\/www.trampskemuzeum.sk\/wp-content\/uploads\/2020\/10\/00muzeum-300x206.jpg 300w, https:\/\/www.trampskemuzeum.sk\/wp-content\/uploads\/2020\/10\/00muzeum-150x103.jpg 150w\" sizes=\"auto, (max-width: 320px) 100vw, 320px\" \/><\/p>\r\n<p style=\"text-align: center;\"><img loading=\"lazy\" decoding=\"async\" class=\"alignnone size-full wp-image-201\" src=\"http:\/\/www.trampskemuzeum.sk\/wp-content\/uploads\/2020\/10\/11muzeum.jpg\" alt=\"\" width=\"240\" height=\"320\" srcset=\"https:\/\/www.trampskemuzeum.sk\/wp-content\/uploads\/2020\/10\/11muzeum.jpg 240w, https:\/\/www.trampskemuzeum.sk\/wp-content\/uploads\/2020\/10\/11muzeum-225x300.jpg 225w, https:\/\/www.trampskemuzeum.sk\/wp-content\/uploads\/2020\/10\/11muzeum-113x150.jpg 113w, https:\/\/www.trampskemuzeum.sk\/wp-content\/uploads\/2020\/10\/11muzeum-150x200.jpg 150w\" sizes=\"auto, (max-width: 240px) 100vw, 240px\" \/><\/p>\r\n<p><br \/>U\u017e v novom roku sme kontaktovali p.Halmov\u00fa, riadite\u013eku SNM &#8211; Etnografick\u00e9ho m\u00fazea, aby sme presk\u00famali nejak\u00e9 mo\u017enosti spolupr\u00e1ce. Stretnutia sa z\u00fa\u010dastnili Modok ako \u0161tatut\u00e1r Zdru\u017eenia Severka, ktor\u00e9 bude aktivity s\u00favisiace s m\u00fazeom zastre\u0161ova\u0165, Frico a D&#8217;Ady.<\/p>\r\n<p style=\"text-align: center;\"><img loading=\"lazy\" decoding=\"async\" class=\"alignnone size-full wp-image-203\" src=\"http:\/\/www.trampskemuzeum.sk\/wp-content\/uploads\/2020\/10\/12muzeum.jpg\" alt=\"\" width=\"451\" height=\"300\" srcset=\"https:\/\/www.trampskemuzeum.sk\/wp-content\/uploads\/2020\/10\/12muzeum.jpg 451w, https:\/\/www.trampskemuzeum.sk\/wp-content\/uploads\/2020\/10\/12muzeum-300x200.jpg 300w, https:\/\/www.trampskemuzeum.sk\/wp-content\/uploads\/2020\/10\/12muzeum-150x100.jpg 150w\" sizes=\"auto, (max-width: 451px) 100vw, 451px\" \/><\/p>\r\n<p>Na\u010drtnut\u00e9 mo\u017enosti n\u00e1s pr\u00edjemne prekvapili, nemali sme v\u0161ak ve\u013ek\u00e9 o\u010di. V\u0161etko mohlo z\u00e1visie\u0165 od bud\u00facej situ\u00e1cie v SNM, ale najm\u00e4 od na\u0161ich \u010dasov\u00fdch a finan\u010dn\u00fdch mo\u017enost\u00ed&#8230;<\/p>\r\n<p>&nbsp;<\/p>\r\n<p><em>\u017dia\u013e, predch\u00e1dzaj\u00faci web m\u00e1 technick\u00e9 probl\u00e9my a nezobrazuje spr\u00e1vne texty so slovenskou diakritikou. <a href=\"http:\/\/www.severka.nfo.sk\/modules.php?name=News&amp;new_topic=3\" target=\"_blank\" rel=\"noopener noreferrer\">Texty t\u00fdkaj\u00face sa m\u00fazea<\/a> budeme postupne recyklova\u0165 a vklada\u0165 na t\u00fato str\u00e1nku.<\/em><\/p>\r\n<p>[Z ARCH\u00cdVU] &#8211; <strong><a href=\"http:\/\/www.trampskemuzeum.sk\/index.php\/2021\/04\/24\/archiv-vystava-svet-trampingu\/\" target=\"_blank\" rel=\"noopener\">V\u00fdstava Svet trampingu<\/a><\/strong> (okt\u00f3ber 2005)<\/p>\r\n<p>[Z ARCH\u00cdVU] &#8211; <strong><a href=\"http:\/\/www.trampskemuzeum.sk\/index.php\/2022\/03\/19\/archiv-z-muzea-na-stribrny-dil\/\" target=\"_blank\" rel=\"noopener\">Z muzea na St\u0159\u00edbrn\u00fd d\u00edl<\/a><\/strong> (janu\u00e1r 2010)<\/p>\r\n<p>[POKRA\u010cOVANIE] &#8211; <strong><a href=\"http:\/\/www.trampskemuzeum.sk\/index.php\/2020\/11\/01\/co-je-s-tym-muzeom\/\" target=\"_blank\" rel=\"noopener\">\u010co je s t\u00fdm m\u00fazeom?<\/a><\/strong> (okt\u00f3ber 2020)<\/p>\r\n<p>[POKRA\u010cOVANIE] &#8211; <a href=\"http:\/\/www.trampskemuzeum.sk\/index.php\/2025\/11\/16\/co-je-s-tym-muzeom-ii\/\" target=\"_blank\" rel=\"noopener\"><strong>\u010co je s t\u00fdm m\u00fazeom II ?<\/strong><\/a> (2025)<\/p>\r\n","protected":false},"excerpt":{"rendered":"<p>Ako bolo na po\u010diatku TZ Severka si u\u017e pred p\u00e1r rokmi vyt\u00fd\u010dilo ako jeden z cie\u013eov svojej \u010dinnosti zriadenie a prev\u00e1dzku trampsk\u00e9ho m\u00fazea. U\u017e na p\u00f4vodnom webe Severky sa mohla verejnos\u0165 dozvedie\u0165 o nieko\u013ek\u00fdch aktivit\u00e1ch, ktor\u00e9 vy\u00fastili do \u00faspe\u0161nej v\u00fdstavy &#8222;Svet trampingu&#8220; v SNM v Martine. My\u0161lienku m\u00fazea trampingu na&#8230;<\/p>\n<p> <a class=\"continue-reading-link\" href=\"https:\/\/www.trampskemuzeum.sk\/index.php\/trampske-muzeum-zaciatky\/\"><span>Pokra\u010dovanie \u010dl\u00e1nku<\/span><i class=\"crycon-right-dir\"><\/i><\/a> <\/p>\n","protected":false},"author":1,"featured_media":0,"parent":0,"menu_order":0,"comment_status":"closed","ping_status":"open","template":"","meta":{"footnotes":""},"class_list":["post-2","page","type-page","status-publish","hentry"],"_links":{"self":[{"href":"https:\/\/www.trampskemuzeum.sk\/index.php\/wp-json\/wp\/v2\/pages\/2","targetHints":{"allow":["GET"]}}],"collection":[{"href":"https:\/\/www.trampskemuzeum.sk\/index.php\/wp-json\/wp\/v2\/pages"}],"about":[{"href":"https:\/\/www.trampskemuzeum.sk\/index.php\/wp-json\/wp\/v2\/types\/page"}],"author":[{"embeddable":true,"href":"https:\/\/www.trampskemuzeum.sk\/index.php\/wp-json\/wp\/v2\/users\/1"}],"replies":[{"embeddable":true,"href":"https:\/\/www.trampskemuzeum.sk\/index.php\/wp-json\/wp\/v2\/comments?post=2"}],"version-history":[{"count":13,"href":"https:\/\/www.trampskemuzeum.sk\/index.php\/wp-json\/wp\/v2\/pages\/2\/revisions"}],"predecessor-version":[{"id":1313,"href":"https:\/\/www.trampskemuzeum.sk\/index.php\/wp-json\/wp\/v2\/pages\/2\/revisions\/1313"}],"wp:attachment":[{"href":"https:\/\/www.trampskemuzeum.sk\/index.php\/wp-json\/wp\/v2\/media?parent=2"}],"curies":[{"name":"wp","href":"https:\/\/api.w.org\/{rel}","templated":true}]}}