{"id":26,"date":"2020-05-19T22:44:29","date_gmt":"2020-05-19T20:44:29","guid":{"rendered":"http:\/\/www.trampskemuzeum.sk\/?page_id=26"},"modified":"2026-04-15T12:25:37","modified_gmt":"2026-04-15T10:25:37","slug":"archiv-casopisu","status":"publish","type":"page","link":"https:\/\/www.trampskemuzeum.sk\/index.php\/archiv-casopisu\/","title":{"rendered":"Arch\u00edv \u010dasopisu"},"content":{"rendered":"<h3><strong>Arch\u00edv ob\u010dasn\u00edka SEVERKA<\/strong><\/h3>\n<p>Hoci Severka mala od za\u010diatku v\u00a0podtitulku text <em>trampsk\u00fd <\/em>ob\u010dasn\u00edk, vych\u00e1dzala vcelku pravidelne. Od roku 1990 sme pre\u0161li na periodicitu 4 \u010d\u00edsel do roka, ktor\u00fa sa n\u00e1m, s v\u00fdnimkou \u201ekr\u00edzov\u00fdch rokov\u201c 1997 a 1998, dar\u00ed udr\u017ea\u0165\u00a0 dodnes. V neskor\u0161\u00edch rokoch sme ob\u010dasn\u00fd v\u00fdpadok kompenzovali vydan\u00edm dvoj\u010d\u00edsla.<br \/>\nSpo\u010diatku boli ozna\u010dovan\u00e9 len poradov\u00fdm \u010d\u00edslom, ale u\u017e od 1\/91 sa pre\u0161lo na ozna\u010denie poradov\u00fdm \u010d\u00edslom v roku.<br \/>\nRozsah je spravidla 28 str\u00e1n A4.<br \/>\nGrafika ob\u00e1lky bola najprv jednotn\u00e1, odl\u00ed\u0161en\u00e1 pod\u013ea ro\u010dn\u00e9ho obdobia symbolmi indi\u00e1nskych mesiacov. Pre spestrenie sa nesk\u00f4r prist\u00fapilo k farebn\u00e9mu prevedeniu. V rokoch 1993-1998 sa ust\u00fapilo od jednotn\u00e9ho dizajnu, no farebn\u00e1 ob\u00e1lka ostala. Vn\u00fatro \u010dasopisu bolo, pochopite\u013ene, \u010dierno-biele.<br \/>\nOd \u010d\u00edsla 2\/98 do\u0161lo k zmene dizajnu a cel\u00fd \u010dasopis sa tla\u010dil vo farbe. Jednej farbe&#8230; N\u00e1stup digit\u00e1lnej tla\u010de znamenal n\u00e1vrat k \u010dierno-bielemu prevedeniu a od \u010d\u00edsla 1\/2012 celkov\u00fd redizajn \u010dasopisu.<br \/>\nOd roku 2021 je Severka o\u017eiven\u00e1 farebnou ob\u00e1lkou, v tomto roku v\u0161ak vy\u0161li len tri \u010d\u00edsla &#8211; posledn\u00e9 3,4\/2021 ako roz\u0161\u00edren\u00e9 dvoj\u010d\u00edslo.<\/p>\n<p><em>s\u00fabory s\u00fa umiestnen\u00e9 na google disku Trampsk\u00e9ho m\u00fazea vo form\u00e1te pdf<\/em><\/p>\n<p><a href=\"http:\/\/www.trampskemuzeum.sk\/index.php\/archiv-casopisu\/archiv-severka-1989-1998\/\"><strong>1989 &#8211; 1998<\/strong><\/a><\/p>\n<p><a href=\"http:\/\/www.trampskemuzeum.sk\/index.php\/archiv-casopisu\/archiv-severka-1999-2011\/\"><strong>1999 &#8211; 2011<\/strong><\/a><\/p>\n<p><strong><a href=\"http:\/\/www.trampskemuzeum.sk\/index.php\/archiv-casopisu\/archiv-severka-2012-2019\/\">2012 &#8211; 2019<\/a><\/strong><\/p>\n<p><a href=\"http:\/\/www.trampskemuzeum.sk\/index.php\/archiv-casopisu\/archiv-severka-2020-2025\/\" target=\"_blank\" rel=\"noopener\"><strong>2020 <\/strong><strong>\u2013 2025<\/strong><\/a><\/p>\n","protected":false},"excerpt":{"rendered":"<p>Arch\u00edv ob\u010dasn\u00edka SEVERKA Hoci Severka mala od za\u010diatku v\u00a0podtitulku text trampsk\u00fd ob\u010dasn\u00edk, vych\u00e1dzala vcelku pravidelne. Od roku 1990 sme pre\u0161li na periodicitu 4 \u010d\u00edsel do roka, ktor\u00fa sa n\u00e1m, s v\u00fdnimkou \u201ekr\u00edzov\u00fdch rokov\u201c 1997 a 1998, dar\u00ed udr\u017ea\u0165\u00a0 dodnes. V neskor\u0161\u00edch rokoch sme ob\u010dasn\u00fd v\u00fdpadok kompenzovali vydan\u00edm dvoj\u010d\u00edsla. Spo\u010diatku boli&#8230;<\/p>\n<p> <a class=\"continue-reading-link\" href=\"https:\/\/www.trampskemuzeum.sk\/index.php\/archiv-casopisu\/\"><span>Pokra\u010dovanie \u010dl\u00e1nku<\/span><i class=\"crycon-right-dir\"><\/i><\/a> <\/p>\n","protected":false},"author":1,"featured_media":0,"parent":0,"menu_order":0,"comment_status":"closed","ping_status":"closed","template":"","meta":{"footnotes":""},"class_list":["post-26","page","type-page","status-publish","hentry"],"_links":{"self":[{"href":"https:\/\/www.trampskemuzeum.sk\/index.php\/wp-json\/wp\/v2\/pages\/26","targetHints":{"allow":["GET"]}}],"collection":[{"href":"https:\/\/www.trampskemuzeum.sk\/index.php\/wp-json\/wp\/v2\/pages"}],"about":[{"href":"https:\/\/www.trampskemuzeum.sk\/index.php\/wp-json\/wp\/v2\/types\/page"}],"author":[{"embeddable":true,"href":"https:\/\/www.trampskemuzeum.sk\/index.php\/wp-json\/wp\/v2\/users\/1"}],"replies":[{"embeddable":true,"href":"https:\/\/www.trampskemuzeum.sk\/index.php\/wp-json\/wp\/v2\/comments?post=26"}],"version-history":[{"count":16,"href":"https:\/\/www.trampskemuzeum.sk\/index.php\/wp-json\/wp\/v2\/pages\/26\/revisions"}],"predecessor-version":[{"id":1353,"href":"https:\/\/www.trampskemuzeum.sk\/index.php\/wp-json\/wp\/v2\/pages\/26\/revisions\/1353"}],"wp:attachment":[{"href":"https:\/\/www.trampskemuzeum.sk\/index.php\/wp-json\/wp\/v2\/media?parent=26"}],"curies":[{"name":"wp","href":"https:\/\/api.w.org\/{rel}","templated":true}]}}