{"id":380,"date":"2021-03-24T00:29:56","date_gmt":"2021-03-23T23:29:56","guid":{"rendered":"http:\/\/www.trampskemuzeum.sk\/?page_id=380"},"modified":"2025-07-29T21:34:23","modified_gmt":"2025-07-29T19:34:23","slug":"kontakt","status":"publish","type":"page","link":"https:\/\/www.trampskemuzeum.sk\/index.php\/kontakt\/","title":{"rendered":"Kontakt"},"content":{"rendered":"<p><strong>S\u00eddlo Trampsk\u00e9ho zdru\u017eenia Severka<\/strong> je v Martine, adresa Jilemnick\u00e9ho 23\/15. T\u00e1to adresa sl\u00fa\u017ei na ofici\u00e1lnu kore\u0161pondenciu s in\u0161tit\u00faciami.<\/p>\n<p>\u0160tatut\u00e1rny z\u00e1stupca \u2013 <strong>predseda Zdru\u017eenia<\/strong> je J\u00e1n \u201cModok\u201d Dulla, adresa Pod kan\u00e1lom 19, 038 61 Lipovec.<\/p>\n<p><strong>S\u00eddlo redakcie<\/strong> trampsk\u00e9ho ob\u010dasn\u00edka Severka je: TZ Severka, ul. SNP 312\/71, 935 05 Pukanec. To je z\u00e1rove\u0148 aj dom\u00e1ca adresa s\u00fa\u010dasn\u00e9ho \u0161\u00e9fredaktora, ktor\u00fdm je Adalbert D\u2019Ady Mezei.<\/p>\n<p>Mailov\u00e1 adresa, na ktorej vybavujeme be\u017en\u00fa kore\u0161pondenciu je <a title=\"mailov\u00e1 adresa\" href=\"mailto:tz.severka@gmail.com\" target=\"_blank\" rel=\"noopener\">tz.severka(zavin\u00e1\u010d)gmail.com<\/a>.<\/p>\n","protected":false},"excerpt":{"rendered":"<p>S\u00eddlo Trampsk\u00e9ho zdru\u017eenia Severka je v Martine, adresa Jilemnick\u00e9ho 23\/15. T\u00e1to adresa sl\u00fa\u017ei na ofici\u00e1lnu kore\u0161pondenciu s in\u0161tit\u00faciami. \u0160tatut\u00e1rny z\u00e1stupca \u2013 predseda Zdru\u017eenia je J\u00e1n \u201cModok\u201d Dulla, adresa Pod kan\u00e1lom 19, 038 61 Lipovec. S\u00eddlo redakcie trampsk\u00e9ho ob\u010dasn\u00edka Severka je: TZ Severka, ul. SNP 312\/71, 935 05 Pukanec. To je&#8230;<\/p>\n<p> <a class=\"continue-reading-link\" href=\"https:\/\/www.trampskemuzeum.sk\/index.php\/kontakt\/\"><span>Pokra\u010dovanie \u010dl\u00e1nku<\/span><i class=\"crycon-right-dir\"><\/i><\/a> <\/p>\n","protected":false},"author":1,"featured_media":0,"parent":0,"menu_order":0,"comment_status":"closed","ping_status":"closed","template":"","meta":{"footnotes":""},"class_list":["post-380","page","type-page","status-publish","hentry"],"_links":{"self":[{"href":"https:\/\/www.trampskemuzeum.sk\/index.php\/wp-json\/wp\/v2\/pages\/380","targetHints":{"allow":["GET"]}}],"collection":[{"href":"https:\/\/www.trampskemuzeum.sk\/index.php\/wp-json\/wp\/v2\/pages"}],"about":[{"href":"https:\/\/www.trampskemuzeum.sk\/index.php\/wp-json\/wp\/v2\/types\/page"}],"author":[{"embeddable":true,"href":"https:\/\/www.trampskemuzeum.sk\/index.php\/wp-json\/wp\/v2\/users\/1"}],"replies":[{"embeddable":true,"href":"https:\/\/www.trampskemuzeum.sk\/index.php\/wp-json\/wp\/v2\/comments?post=380"}],"version-history":[{"count":4,"href":"https:\/\/www.trampskemuzeum.sk\/index.php\/wp-json\/wp\/v2\/pages\/380\/revisions"}],"predecessor-version":[{"id":1136,"href":"https:\/\/www.trampskemuzeum.sk\/index.php\/wp-json\/wp\/v2\/pages\/380\/revisions\/1136"}],"wp:attachment":[{"href":"https:\/\/www.trampskemuzeum.sk\/index.php\/wp-json\/wp\/v2\/media?parent=380"}],"curies":[{"name":"wp","href":"https:\/\/api.w.org\/{rel}","templated":true}]}}