{"id":630,"date":"2021-11-01T18:25:26","date_gmt":"2021-11-01T17:25:26","guid":{"rendered":"http:\/\/www.trampskemuzeum.sk\/?page_id=630"},"modified":"2021-11-01T21:03:30","modified_gmt":"2021-11-01T20:03:30","slug":"archiv-t-o","status":"publish","type":"page","link":"https:\/\/www.trampskemuzeum.sk\/index.php\/archiv-t-o\/","title":{"rendered":"Arch\u00edv T.O."},"content":{"rendered":"<p>Na str\u00e1nkach Trampsk\u00e9ho m\u00fazea bud\u00fa postupne uverej\u0148ovan\u00e9 aktualizovan\u00e9 zoznamy T.O. na Slovensku, ako aj doplnky a opravy k trampsk\u00fdm osad\u00e1m uverejnen\u00fdm v minulosti na str\u00e1nke <strong><a href=\"http:\/\/www.trampnet.sk\/osady\/osady.htm\" target=\"_blank\" rel=\"noopener\">TRAMPNET<\/a><\/strong>.<\/p>\n","protected":false},"excerpt":{"rendered":"<p>Na str\u00e1nkach Trampsk\u00e9ho m\u00fazea bud\u00fa postupne uverej\u0148ovan\u00e9 aktualizovan\u00e9 zoznamy T.O. na Slovensku, ako aj doplnky a opravy k trampsk\u00fdm osad\u00e1m uverejnen\u00fdm v minulosti na str\u00e1nke TRAMPNET.<\/p>\n<p> <a class=\"continue-reading-link\" href=\"https:\/\/www.trampskemuzeum.sk\/index.php\/archiv-t-o\/\"><span>Pokra\u010dovanie \u010dl\u00e1nku<\/span><i class=\"crycon-right-dir\"><\/i><\/a> <\/p>\n","protected":false},"author":1,"featured_media":0,"parent":0,"menu_order":0,"comment_status":"closed","ping_status":"closed","template":"templates\/template-page-with-intro.php","meta":{"footnotes":""},"class_list":["post-630","page","type-page","status-publish","hentry"],"_links":{"self":[{"href":"https:\/\/www.trampskemuzeum.sk\/index.php\/wp-json\/wp\/v2\/pages\/630","targetHints":{"allow":["GET"]}}],"collection":[{"href":"https:\/\/www.trampskemuzeum.sk\/index.php\/wp-json\/wp\/v2\/pages"}],"about":[{"href":"https:\/\/www.trampskemuzeum.sk\/index.php\/wp-json\/wp\/v2\/types\/page"}],"author":[{"embeddable":true,"href":"https:\/\/www.trampskemuzeum.sk\/index.php\/wp-json\/wp\/v2\/users\/1"}],"replies":[{"embeddable":true,"href":"https:\/\/www.trampskemuzeum.sk\/index.php\/wp-json\/wp\/v2\/comments?post=630"}],"version-history":[{"count":4,"href":"https:\/\/www.trampskemuzeum.sk\/index.php\/wp-json\/wp\/v2\/pages\/630\/revisions"}],"predecessor-version":[{"id":651,"href":"https:\/\/www.trampskemuzeum.sk\/index.php\/wp-json\/wp\/v2\/pages\/630\/revisions\/651"}],"wp:attachment":[{"href":"https:\/\/www.trampskemuzeum.sk\/index.php\/wp-json\/wp\/v2\/media?parent=630"}],"curies":[{"name":"wp","href":"https:\/\/api.w.org\/{rel}","templated":true}]}}